{"id":1005,"date":"2026-01-02T15:19:58","date_gmt":"2026-01-02T15:19:58","guid":{"rendered":"https:\/\/condecarplake.fr\/?page_id=1005"},"modified":"2026-03-19T08:58:37","modified_gmt":"2026-03-19T08:58:37","slug":"reglement","status":"publish","type":"page","link":"https:\/\/condecarplake.fr\/en\/reglement\/","title":{"rendered":"Rules"},"content":{"rendered":"<div data-elementor-type=\"wp-page\" data-elementor-id=\"1005\" class=\"elementor elementor-1005\" data-elementor-post-type=\"page\">\n\t\t\t\t<div class=\"elementor-element elementor-element-2a2b146 e-flex e-con-boxed e-con e-parent\" data-id=\"2a2b146\" data-element_type=\"container\" data-e-type=\"container\">\n\t\t\t\t\t<div class=\"e-con-inner\">\n\t\t\t\t<div class=\"elementor-element elementor-element-e1e1a0e elementor-widget elementor-widget-heading\" data-id=\"e1e1a0e\" data-element_type=\"widget\" data-e-type=\"widget\" data-widget_type=\"heading.default\">\n\t\t\t\t\t<h2 class=\"elementor-heading-title elementor-size-default\">RULES - COND\u00c9 CARP LAKE<br><\/h2>\t\t\t\t<\/div>\n\t\t\t\t\t<\/div>\n\t\t\t\t<\/div>\n\t\t<div class=\"elementor-element elementor-element-c9ba241 e-flex e-con-boxed e-con e-parent\" data-id=\"c9ba241\" data-element_type=\"container\" data-e-type=\"container\">\n\t\t\t\t\t<div class=\"e-con-inner\">\n\t\t\t\t<div class=\"elementor-element elementor-element-a63d9dd elementor-widget elementor-widget-text-editor\" data-id=\"a63d9dd\" data-element_type=\"widget\" data-e-type=\"widget\" data-widget_type=\"text-editor.default\">\n\t\t\t\t\t\t\t\t\t<p>Cond\u00e9 Carp Lake is a private lake, the result of a former gravel pit, dedicated to respectful, demanding and responsible fishing.<br data-start=\"746\" data-end=\"749\">Access to the site implies full acceptance of the rules below.<\/p><p><img decoding=\"async\" class=\"emoji\" role=\"img\" draggable=\"false\" src=\"https:\/\/s.w.org\/images\/core\/emoji\/17.0.2\/svg\/2757.svg\" alt=\"\u2757\" style=\"caret-color: rgb(0, 0, 0); color: rgb(0, 0, 0); font-size: 1.875rem; font-weight: 600;\"><span style=\"caret-color: rgb(0, 0, 0); color: rgb(0, 0, 0); font-style: inherit; text-align: var(--text-align); font-family: -webkit-standard; font-size: medium;\">Failure to comply with the rules may result in&nbsp;<\/span><u style=\"caret-color: rgb(0, 0, 0); color: rgb(0, 0, 0); font-style: inherit; text-align: var(--text-align); font-size: 14.591999px;\"><i><strong data-start=\"2258\" data-end=\"2292\">immediate cessation of the session<\/strong>,&nbsp;<\/i><\/u><u style=\"caret-color: rgb(0, 0, 0); color: rgb(0, 0, 0); font-style: inherit;\"><i><strong data-start=\"2296\" data-end=\"2333\">without possibility of refund<\/strong>.<\/i><\/u><\/p>\t\t\t\t\t\t\t\t<\/div>\n\t\t\t\t\t<\/div>\n\t\t\t\t<\/div>\n\t\t<div class=\"elementor-element elementor-element-2dbebd5 e-flex e-con-boxed e-con e-parent\" data-id=\"2dbebd5\" data-element_type=\"container\" data-e-type=\"container\">\n\t\t\t\t\t<div class=\"e-con-inner\">\n\t\t\t\t<div class=\"elementor-element elementor-element-8ee0ab7 elementor-widget elementor-widget-text-editor\" data-id=\"8ee0ab7\" data-element_type=\"widget\" data-e-type=\"widget\" data-widget_type=\"text-editor.default\">\n\t\t\t\t\t\t\t\t\t<h2 data-start=\"562\" data-end=\"588\"><img decoding=\"async\" class=\"emoji\" role=\"img\" draggable=\"false\" src=\"https:\/\/s.w.org\/images\/core\/emoji\/17.0.2\/svg\/1f3a3.svg\" alt=\"\ud83c\udfa3\" \/> General terms and conditions<\/h2><p data-start=\"589\" data-end=\"789\"><br data-start=\"626\" data-end=\"629\" \/><img decoding=\"async\" class=\"emoji\" role=\"img\" draggable=\"false\" src=\"https:\/\/s.w.org\/images\/core\/emoji\/17.0.2\/svg\/2714.svg\" alt=\"\u2714\ufe0f\" \/> <strong data-start=\"632\" data-end=\"662\">Strict and immediate no-kill<\/strong><br data-start=\"662\" data-end=\"665\" \/><img decoding=\"async\" class=\"emoji\" role=\"img\" draggable=\"false\" src=\"https:\/\/s.w.org\/images\/core\/emoji\/17.0.2\/svg\/2714.svg\" alt=\"\u2714\ufe0f\" \/> <strong data-start=\"668\" data-end=\"685\">A single position<\/strong> for peace and quiet<br data-start=\"716\" data-end=\"719\" \/><img decoding=\"async\" class=\"emoji\" role=\"img\" draggable=\"false\" src=\"https:\/\/s.w.org\/images\/core\/emoji\/17.0.2\/svg\/2714.svg\" alt=\"\u2714\ufe0f\" \/> <strong data-start=\"722\" data-end=\"744\">2 anglers maximum<\/strong><br data-start=\"744\" data-end=\"747\" \/><img decoding=\"async\" class=\"emoji\" role=\"img\" draggable=\"false\" src=\"https:\/\/s.w.org\/images\/core\/emoji\/17.0.2\/svg\/2714.svg\" alt=\"\u2714\ufe0f\" \/> <strong data-start=\"750\" data-end=\"789\">Weekly bookings only<\/strong><\/p><hr data-start=\"791\" data-end=\"794\" \/><h2 data-start=\"796\" data-end=\"823\"><img decoding=\"async\" class=\"emoji\" role=\"img\" draggable=\"false\" src=\"https:\/\/s.w.org\/images\/core\/emoji\/17.0.2\/svg\/1f41f.svg\" alt=\"\ud83d\udc1f\" \/> Fish protection<\/h2><p data-start=\"824\" data-end=\"1038\"><img decoding=\"async\" class=\"emoji\" role=\"img\" draggable=\"false\" src=\"https:\/\/s.w.org\/images\/core\/emoji\/17.0.2\/svg\/2714.svg\" alt=\"\u2714\ufe0f\" \/> Carp landing mat <strong data-start=\"852\" data-end=\"867\">mandatory<\/strong><br data-start=\"867\" data-end=\"870\" \/><img decoding=\"async\" class=\"emoji\" role=\"img\" draggable=\"false\" src=\"https:\/\/s.w.org\/images\/core\/emoji\/17.0.2\/svg\/2714.svg\" alt=\"\u2714\ufe0f\" \/> Wide-mouth landing net <strong data-start=\"900\" data-end=\"915\">mandatory<\/strong><br data-start=\"915\" data-end=\"918\" \/><img decoding=\"async\" class=\"emoji\" role=\"img\" draggable=\"false\" src=\"https:\/\/s.w.org\/images\/core\/emoji\/17.0.2\/svg\/2714.svg\" alt=\"\u2714\ufe0f\" \/> Ground-level handling<br data-start=\"948\" data-end=\"951\" \/><img decoding=\"async\" class=\"emoji\" role=\"img\" draggable=\"false\" src=\"https:\/\/s.w.org\/images\/core\/emoji\/17.0.2\/svg\/2714.svg\" alt=\"\u2714\ufe0f\" \/> Fast, respectful photos<br data-start=\"985\" data-end=\"988\" \/><img decoding=\"async\" class=\"emoji\" role=\"img\" draggable=\"false\" src=\"https:\/\/s.w.org\/images\/core\/emoji\/17.0.2\/svg\/2714.svg\" alt=\"\u2714\ufe0f\" \/> Disinfection of wounds strongly recommended<\/p><p data-start=\"1040\" data-end=\"1138\"><img decoding=\"async\" class=\"emoji\" role=\"img\" draggable=\"false\" src=\"https:\/\/s.w.org\/images\/core\/emoji\/17.0.2\/svg\/274c.svg\" alt=\"\u274c\" \/> Storage bags strictly forbidden<br data-start=\"1082\" data-end=\"1085\" \/><img decoding=\"async\" class=\"emoji\" role=\"img\" draggable=\"false\" src=\"https:\/\/s.w.org\/images\/core\/emoji\/17.0.2\/svg\/274c.svg\" alt=\"\u274c\" \/> Keeping fish out of water for long periods prohibited<\/p><hr data-start=\"1140\" data-end=\"1143\" \/><h2 data-start=\"1145\" data-end=\"1180\"><img decoding=\"async\" class=\"emoji\" role=\"img\" draggable=\"false\" src=\"https:\/\/s.w.org\/images\/core\/emoji\/17.0.2\/svg\/1f9f0.svg\" alt=\"\ud83e\uddf0\" \/> Fishing gear &amp; practices<\/h2><p data-start=\"1181\" data-end=\"1337\"><img decoding=\"async\" class=\"emoji\" role=\"img\" draggable=\"false\" src=\"https:\/\/s.w.org\/images\/core\/emoji\/17.0.2\/svg\/2714.svg\" alt=\"\u2714\ufe0f\" \/> Mountings <strong data-start=\"1193\" data-end=\"1217\">secured only<\/strong><br data-start=\"1217\" data-end=\"1220\" \/><img decoding=\"async\" class=\"emoji\" role=\"img\" draggable=\"false\" src=\"https:\/\/s.w.org\/images\/core\/emoji\/17.0.2\/svg\/2714.svg\" alt=\"\u2714\ufe0f\" \/> Barbless or crushed barb hooks<br data-start=\"1264\" data-end=\"1267\" \/><img decoding=\"async\" class=\"emoji\" role=\"img\" draggable=\"false\" src=\"https:\/\/s.w.org\/images\/core\/emoji\/17.0.2\/svg\/2714.svg\" alt=\"\u2714\ufe0f\" \/> Reasoned priming, adapted to the environment<br data-start=\"1305\" data-end=\"1308\" \/><img decoding=\"async\" class=\"emoji\" role=\"img\" draggable=\"false\" src=\"https:\/\/s.w.org\/images\/core\/emoji\/17.0.2\/svg\/2714.svg\" alt=\"\u2714\ufe0f\" \/> Authorized priming boat<\/p><p data-start=\"1339\" data-end=\"1448\"><img decoding=\"async\" class=\"emoji\" role=\"img\" draggable=\"false\" src=\"https:\/\/s.w.org\/images\/core\/emoji\/17.0.2\/svg\/274c.svg\" alt=\"\u274c\" \/> Leadcore prohibited<br data-start=\"1358\" data-end=\"1361\" \/><img decoding=\"async\" class=\"emoji\" role=\"img\" draggable=\"false\" src=\"https:\/\/s.w.org\/images\/core\/emoji\/17.0.2\/svg\/274c.svg\" alt=\"\u274c\" \/> Line braiding prohibited<br data-start=\"1397\" data-end=\"1400\" \/><img decoding=\"async\" class=\"emoji\" role=\"img\" draggable=\"false\" src=\"https:\/\/s.w.org\/images\/core\/emoji\/17.0.2\/svg\/274c.svg\" alt=\"\u274c\" \/> Prohibited dangerous or aggressive practices<\/p><hr data-start=\"1450\" data-end=\"1453\" \/><h2 data-start=\"1455\" data-end=\"1476\"><img decoding=\"async\" class=\"emoji\" role=\"img\" draggable=\"false\" src=\"https:\/\/s.w.org\/images\/core\/emoji\/17.0.2\/svg\/1f33f.svg\" alt=\"\ud83c\udf3f\" \/> Respect for the site<\/h2><p data-start=\"1477\" data-end=\"1529\">Cond\u00e9 Carp Lake is a <strong data-start=\"1505\" data-end=\"1528\">natural and preserved<\/strong>.<\/p><p data-start=\"1531\" data-end=\"1659\"><img decoding=\"async\" class=\"emoji\" role=\"img\" draggable=\"false\" src=\"https:\/\/s.w.org\/images\/core\/emoji\/17.0.2\/svg\/2714.svg\" alt=\"\u2714\ufe0f\" \/> Spotless cleanliness<br data-start=\"1565\" data-end=\"1568\" \/><img decoding=\"async\" class=\"emoji\" role=\"img\" draggable=\"false\" src=\"https:\/\/s.w.org\/images\/core\/emoji\/17.0.2\/svg\/2714.svg\" alt=\"\u2714\ufe0f\" \/> All waste must be taken away<br data-start=\"1609\" data-end=\"1612\" \/><img decoding=\"async\" class=\"emoji\" role=\"img\" draggable=\"false\" src=\"https:\/\/s.w.org\/images\/core\/emoji\/17.0.2\/svg\/2714.svg\" alt=\"\u2714\ufe0f\" \/> Discretion and respect for quiet surroundings<\/p><p data-start=\"1661\" data-end=\"1761\"><img decoding=\"async\" class=\"emoji\" role=\"img\" draggable=\"false\" src=\"https:\/\/s.w.org\/images\/core\/emoji\/17.0.2\/svg\/274c.svg\" alt=\"\u274c\" \/> Ground lights prohibited<br data-start=\"1684\" data-end=\"1687\" \/><img decoding=\"async\" class=\"emoji\" role=\"img\" draggable=\"false\" src=\"https:\/\/s.w.org\/images\/core\/emoji\/17.0.2\/svg\/274c.svg\" alt=\"\u274c\" \/> Damage prohibited<br data-start=\"1712\" data-end=\"1715\" \/><img decoding=\"async\" class=\"emoji\" role=\"img\" draggable=\"false\" src=\"https:\/\/s.w.org\/images\/core\/emoji\/17.0.2\/svg\/274c.svg\" alt=\"\u274c\" \/> Noise pollution (music, shouting) prohibited<\/p><hr data-start=\"1763\" data-end=\"1766\" \/><h2 data-start=\"1768\" data-end=\"1791\"><img decoding=\"async\" class=\"emoji\" role=\"img\" draggable=\"false\" src=\"https:\/\/s.w.org\/images\/core\/emoji\/17.0.2\/svg\/1f3d5.svg\" alt=\"\ud83c\udfd5\ufe0f\" \/> Life on the job<\/h2><p data-start=\"1792\" data-end=\"1962\"><img decoding=\"async\" class=\"emoji\" role=\"img\" draggable=\"false\" src=\"https:\/\/s.w.org\/images\/core\/emoji\/17.0.2\/svg\/2714.svg\" alt=\"\u2714\ufe0f\" \/> Bivouacs authorized only on the designated site<br data-start=\"1846\" data-end=\"1849\" \/><img decoding=\"async\" class=\"emoji\" role=\"img\" draggable=\"false\" src=\"https:\/\/s.w.org\/images\/core\/emoji\/17.0.2\/svg\/2714.svg\" alt=\"\u2714\ufe0f\" \/> Barbecues authorized outside the drought period<br data-start=\"1896\" data-end=\"1899\" \/><img decoding=\"async\" class=\"emoji\" role=\"img\" draggable=\"false\" src=\"https:\/\/s.w.org\/images\/core\/emoji\/17.0.2\/svg\/2714.svg\" alt=\"\u2714\ufe0f\" \/> Pets accepted under owner's responsibility<\/p><hr data-start=\"1964\" data-end=\"1967\" \/><h2 data-start=\"1969\" data-end=\"1989\"><img decoding=\"async\" class=\"emoji\" role=\"img\" draggable=\"false\" src=\"https:\/\/s.w.org\/images\/core\/emoji\/17.0.2\/svg\/26a0.svg\" alt=\"\u26a0\ufe0f\" \/> Liability<\/h2><p data-start=\"1990\" data-end=\"2189\"><img decoding=\"async\" class=\"emoji\" role=\"img\" draggable=\"false\" src=\"https:\/\/s.w.org\/images\/core\/emoji\/17.0.2\/svg\/2714.svg\" alt=\"\u2714\ufe0f\" \/> Each angler is responsible for his own equipment and for those accompanying him.<br data-start=\"2063\" data-end=\"2066\" \/><img decoding=\"async\" class=\"emoji\" role=\"img\" draggable=\"false\" src=\"https:\/\/s.w.org\/images\/core\/emoji\/17.0.2\/svg\/2714.svg\" alt=\"\u2714\ufe0f\" \/> Children remain under adult supervision<br data-start=\"2121\" data-end=\"2124\" \/><img decoding=\"async\" class=\"emoji\" role=\"img\" draggable=\"false\" src=\"https:\/\/s.w.org\/images\/core\/emoji\/17.0.2\/svg\/2714.svg\" alt=\"\u2714\ufe0f\" \/> The manager declines all responsibility in the event of an accident.<\/p><hr data-start=\"2191\" data-end=\"2194\" \/><h2 data-start=\"2196\" data-end=\"2210\"><img decoding=\"async\" class=\"emoji\" role=\"img\" draggable=\"false\" src=\"https:\/\/s.w.org\/images\/core\/emoji\/17.0.2\/svg\/2757.svg\" alt=\"\u2757\" \/> Sanctions<\/h2><p data-start=\"2211\" data-end=\"2334\">Failure to comply with the rules may result in <u><i><strong data-start=\"2258\" data-end=\"2292\">immediate cessation of the session<\/strong>,<br data-start=\"2293\" data-end=\"2296\" \/><strong data-start=\"2296\" data-end=\"2333\">without possibility of refund<\/strong>.<\/i><\/u><\/p>\t\t\t\t\t\t\t\t<\/div>\n\t\t\t\t\t<\/div>\n\t\t\t\t<\/div>\n\t\t\t\t<\/div>","protected":false},"excerpt":{"rendered":"<p>R\u00c8GLEMENT \u2013 COND\u00c9 CARP LAKE Cond\u00e9 Carp Lake est un plan d\u2019eau priv\u00e9, issu d\u2019une ancienne gravi\u00e8re, d\u00e9di\u00e9 \u00e0 une [&hellip;]<\/p>\n","protected":false},"author":1,"featured_media":0,"parent":0,"menu_order":0,"comment_status":"closed","ping_status":"closed","template":"","meta":{"site-sidebar-layout":"no-sidebar","site-content-layout":"","ast-site-content-layout":"full-width-container","site-content-style":"default","site-sidebar-style":"default","ast-global-header-display":"","ast-banner-title-visibility":"","ast-main-header-display":"","ast-hfb-above-header-display":"","ast-hfb-below-header-display":"","ast-hfb-mobile-header-display":"","site-post-title":"","ast-breadcrumbs-content":"","ast-featured-img":"disabled","footer-sml-layout":"","ast-disable-related-posts":"","theme-transparent-header-meta":"","adv-header-id-meta":"","stick-header-meta":"","header-above-stick-meta":"","header-main-stick-meta":"","header-below-stick-meta":"","astra-migrate-meta-layouts":"default","ast-page-background-enabled":"default","ast-page-background-meta":{"desktop":{"background-color":"var(--ast-global-color-5)","background-image":"","background-repeat":"repeat","background-position":"center center","background-size":"auto","background-attachment":"scroll","background-type":"","background-media":"","overlay-type":"","overlay-color":"","overlay-opacity":"","overlay-gradient":""},"tablet":{"background-color":"","background-image":"","background-repeat":"repeat","background-position":"center center","background-size":"auto","background-attachment":"scroll","background-type":"","background-media":"","overlay-type":"","overlay-color":"","overlay-opacity":"","overlay-gradient":""},"mobile":{"background-color":"","background-image":"","background-repeat":"repeat","background-position":"center center","background-size":"auto","background-attachment":"scroll","background-type":"","background-media":"","overlay-type":"","overlay-color":"","overlay-opacity":"","overlay-gradient":""}},"ast-content-background-meta":{"desktop":{"background-color":"var(--ast-global-color-4)","background-image":"","background-repeat":"repeat","background-position":"center center","background-size":"auto","background-attachment":"scroll","background-type":"","background-media":"","overlay-type":"","overlay-color":"","overlay-opacity":"","overlay-gradient":""},"tablet":{"background-color":"var(--ast-global-color-4)","background-image":"","background-repeat":"repeat","background-position":"center center","background-size":"auto","background-attachment":"scroll","background-type":"","background-media":"","overlay-type":"","overlay-color":"","overlay-opacity":"","overlay-gradient":""},"mobile":{"background-color":"var(--ast-global-color-4)","background-image":"","background-repeat":"repeat","background-position":"center center","background-size":"auto","background-attachment":"scroll","background-type":"","background-media":"","overlay-type":"","overlay-color":"","overlay-opacity":"","overlay-gradient":""}},"footnotes":""},"class_list":["post-1005","page","type-page","status-publish","hentry"],"_links":{"self":[{"href":"https:\/\/condecarplake.fr\/en\/wp-json\/wp\/v2\/pages\/1005","targetHints":{"allow":["GET"]}}],"collection":[{"href":"https:\/\/condecarplake.fr\/en\/wp-json\/wp\/v2\/pages"}],"about":[{"href":"https:\/\/condecarplake.fr\/en\/wp-json\/wp\/v2\/types\/page"}],"author":[{"embeddable":true,"href":"https:\/\/condecarplake.fr\/en\/wp-json\/wp\/v2\/users\/1"}],"replies":[{"embeddable":true,"href":"https:\/\/condecarplake.fr\/en\/wp-json\/wp\/v2\/comments?post=1005"}],"version-history":[{"count":11,"href":"https:\/\/condecarplake.fr\/en\/wp-json\/wp\/v2\/pages\/1005\/revisions"}],"predecessor-version":[{"id":1189,"href":"https:\/\/condecarplake.fr\/en\/wp-json\/wp\/v2\/pages\/1005\/revisions\/1189"}],"wp:attachment":[{"href":"https:\/\/condecarplake.fr\/en\/wp-json\/wp\/v2\/media?parent=1005"}],"curies":[{"name":"wp","href":"https:\/\/api.w.org\/{rel}","templated":true}]}}